{"id":822,"date":"2026-02-03T20:16:44","date_gmt":"2026-02-03T19:16:44","guid":{"rendered":"http:\/\/alumno05.shopenlaces.com.es\/alumno05wp\/?page_id=822"},"modified":"2026-02-04T16:48:11","modified_gmt":"2026-02-04T15:48:11","slug":"tesla","status":"publish","type":"page","link":"http:\/\/alumno05.shopenlaces.com.es\/alumno05wp\/?page_id=822","title":{"rendered":"TESLA"},"content":{"rendered":"\n<div class=\"wp-block-stackable-image stk-block-image stk-block stk-34060fb\" data-block-id=\"34060fb\"><style>.stk-34060fb .stk-img-wrapper{width:600px !important;height:377px !important;}<\/style><figure><span class=\"stk-img-wrapper stk-image--shape-stretch\"><img loading=\"lazy\" decoding=\"async\" class=\"stk-img wp-image-825\" src=\"http:\/\/alumno05.shopenlaces.com.es\/alumno05wp\/wp-content\/uploads\/2026\/02\/free-photo-of-el-elegante-coche-electrico-tesla-model-s-aparcado-al-aire-libre.jpeg\" width=\"999\" height=\"750\" srcset=\"http:\/\/alumno05.shopenlaces.com.es\/alumno05wp\/wp-content\/uploads\/2026\/02\/free-photo-of-el-elegante-coche-electrico-tesla-model-s-aparcado-al-aire-libre.jpeg 999w, http:\/\/alumno05.shopenlaces.com.es\/alumno05wp\/wp-content\/uploads\/2026\/02\/free-photo-of-el-elegante-coche-electrico-tesla-model-s-aparcado-al-aire-libre-300x225.jpeg 300w, http:\/\/alumno05.shopenlaces.com.es\/alumno05wp\/wp-content\/uploads\/2026\/02\/free-photo-of-el-elegante-coche-electrico-tesla-model-s-aparcado-al-aire-libre-768x577.jpeg 768w, http:\/\/alumno05.shopenlaces.com.es\/alumno05wp\/wp-content\/uploads\/2026\/02\/free-photo-of-el-elegante-coche-electrico-tesla-model-s-aparcado-al-aire-libre-500x375.jpeg 500w, http:\/\/alumno05.shopenlaces.com.es\/alumno05wp\/wp-content\/uploads\/2026\/02\/free-photo-of-el-elegante-coche-electrico-tesla-model-s-aparcado-al-aire-libre-600x450.jpeg 600w\" sizes=\"auto, (max-width: 999px) 100vw, 999px\" \/><\/span><\/figure><\/div>\n\n\n\n<div class=\"wp-block-stackable-carousel stk-block-carousel stk--is-slide stk--arrows-justify-space-between stk--arrows-align-center stk-block stk-06dd8ba\" data-slides-to-show=\"1\" data-block-id=\"06dd8ba\"><style>.stk-06dd8ba {--slides-to-show:1 !important;}<\/style><div class=\"stk-block-carousel__content-wrapper\"><div class=\"stk-row stk-inner-blocks stk-block-content stk-block-carousel__slider-wrapper stk-content-align stk-06dd8ba-column\"><div class=\"stk-block-carousel__slider\" role=\"list\" data-autoplay=\"4000\" data-label-slide-of=\"Slide %%d of %%d\" tabindex=\"0\">\n<div class=\"wp-block-stackable-column stk-block-column stk-column stk-block stk-5b5a26b\" data-v=\"4\" data-block-id=\"5b5a26b\"><style>.stk-5b5a26b-inner-blocks{row-gap:var(--stk--preset--spacing--none, 0px) !important;}.stk-5b5a26b-container{max-width:1387px !important;min-width:auto !important;}<\/style><div class=\"stk-column-wrapper stk-block-column__content stk-container stk-5b5a26b-container stk--no-background stk--no-padding\"><div class=\"stk-block-content stk-inner-blocks stk-5b5a26b-inner-blocks\">\n<div class=\"wp-block-stackable-image-box stk-block-image-box stk-hover-parent stk-block stk-b320d5d is-style-default\" data-block-id=\"b320d5d\"><div class=\"stk-block-content stk-inner-blocks has-text-align-center stk-row stk-block-image-box__content\">\n<div class=\"wp-block-stackable-image stk-block-image stk-block stk-9618232\" data-block-id=\"9618232\"><style>.stk-9618232 .stk-img-wrapper{width:938px !important;height:350px !important;}:where(.stk-hover-parent:hover,  .stk-hover-parent.stk--is-hovered) .stk-9618232 .stk-img-wrapper::after{background-color:#000000B3 !important;}<\/style><figure><span class=\"stk-img-wrapper stk-image--shape-stretch\"><img loading=\"lazy\" decoding=\"async\" class=\"stk-img wp-image-826\" src=\"http:\/\/alumno05.shopenlaces.com.es\/alumno05wp\/wp-content\/uploads\/2026\/02\/descarga-9.jpg\" width=\"275\" height=\"183\"\/><\/span><\/figure><\/div>\n\n\n\n<div class=\"wp-block-stackable-column stk-block-column stk-column stk-block stk-986eb19\" data-v=\"4\" data-block-id=\"986eb19\"><style>.stk-986eb19 {align-items:center !important;display:flex !important;}<\/style><div class=\"stk-column-wrapper stk-block-column__content stk-container stk-986eb19-container stk--no-background stk--no-padding\"><div class=\"stk-block-content stk-inner-blocks stk-986eb19-inner-blocks\">\n<div class=\"wp-block-stackable-subtitle stk-block-subtitle stk-block stk-b72f418\" data-block-id=\"b72f418\"><style>.stk-b72f418 {margin-bottom:8px !important;opacity:0 !important;}:where(.stk-hover-parent:hover,  .stk-hover-parent.stk--is-hovered) .stk-b72f418{opacity:1 !important;}.stk-b72f418 .stk-block-subtitle__text{color:#FFFFFF !important;}<\/style><p class=\"stk-block-subtitle__text stk-subtitle has-text-color has-white-color\">Berlina el\u00e9ctrica<\/p><\/div>\n\n\n\n<div class=\"wp-block-stackable-heading stk-block-heading stk-block-heading--v2 stk-block stk-a6b8c21\" id=\"tesla-model-s-electrico-br\" data-block-id=\"a6b8c21\"><style>.stk-a6b8c21 .stk-block-heading__text{color:#FFFFFF !important;}<\/style><h4 class=\"stk-block-heading__text has-text-color has-white-color\">Tesla Model S \u2013 El\u00e9ctrico&nbsp;<br><\/h4><\/div>\n\n\n\n<div class=\"wp-block-stackable-text stk-block-text stk-block stk-0b241df\" data-block-id=\"0b241df\"><style>.stk-0b241df {column-count:1 !important;column-gap:0px !important;margin-bottom:0px !important;opacity:0 !important;}:where(.stk-hover-parent:hover,  .stk-hover-parent.stk--is-hovered) .stk-0b241df{opacity:1 !important;}.stk-0b241df .stk-block-text__text{text-shadow:none !important;font-size:var(--stk--preset--font-size--medium, 20px) !important;color:#FFFFFF !important;font-family:\"Cardo\", Sans-serif !important;}@media screen and (max-width:999px){.stk-0b241df .stk-block-text__text{font-size:var(--stk--preset--font-size--medium, 20px) !important;}}<\/style><p class=\"stk-block-text__text has-text-color has-white-color\">Es una berlina el\u00e9ctrica de lujo de alto rendimiento, destacada por su autonom\u00eda de hasta 611 km (WLTP), aceleraci\u00f3n de 0 a 100 km\/h en 2,1 segundos (versi\u00f3n Plaid) y tecnolog\u00eda puntera. Con una longitud de 5.02 metros, ofrece un dise\u00f1o aerodin\u00e1mico.<\/p><\/div>\n\n\n\n<div class=\"wp-block-stackable-icon stk-block-icon stk-block stk-1ecf91d\" data-block-id=\"1ecf91d\"><style>.stk-1ecf91d {margin-top:56px !important;opacity:0 !important;}:where(.stk-hover-parent:hover,  .stk-hover-parent.stk--is-hovered) .stk-1ecf91d{opacity:1 !important;}.stk-1ecf91d .stk--svg-wrapper .stk--inner-svg svg:last-child, .stk-1ecf91d .stk--svg-wrapper .stk--inner-svg svg:last-child :is(g, path, rect, polygon, ellipse){fill:#FFFFFF !important;}<\/style><span class=\"stk--svg-wrapper\"><div class=\"stk--inner-svg\"><svg style=\"height:0;width:0\"><defs><linearGradient id=\"linear-gradient-1ecf91d\" x1=\"0\" x2=\"100%\" y1=\"0\" y2=\"0\"><stop offset=\"0%\" style=\"stop-opacity:1;stop-color:var(--linear-gradient-1-ecf-91-d-color-1)\"><\/stop><stop offset=\"100%\" style=\"stop-opacity:1;stop-color:var(--linear-gradient-1-ecf-91-d-color-2)\"><\/stop><\/linearGradient><\/defs><\/svg><svg data-prefix=\"fas\" data-icon=\"arrow-right\" class=\"svg-inline--fa fa-arrow-right fa-w-14\" xmlns=\"http:\/\/www.w3.org\/2000\/svg\" viewBox=\"0 0 448 512\" aria-hidden=\"true\" width=\"32\" height=\"32\"><path fill=\"currentColor\" d=\"M190.5 66.9l22.2-22.2c9.4-9.4 24.6-9.4 33.9 0L441 239c9.4 9.4 9.4 24.6 0 33.9L246.6 467.3c-9.4 9.4-24.6 9.4-33.9 0l-22.2-22.2c-9.5-9.5-9.3-25 .4-34.3L311.4 296H24c-13.3 0-24-10.7-24-24v-32c0-13.3 10.7-24 24-24h287.4L190.9 101.2c-9.8-9.3-10-24.8-.4-34.3z\"><\/path><\/svg><\/div><\/span><\/div>\n<\/div><\/div><\/div>\n<\/div><\/div>\n<\/div><\/div><\/div>\n\n\n\n<div class=\"wp-block-stackable-column stk-block-column stk-column stk-block stk-9ce68bc\" data-v=\"4\" data-block-id=\"9ce68bc\"><div class=\"stk-column-wrapper stk-block-column__content stk-container stk-9ce68bc-container stk--no-background stk--no-padding\"><div class=\"stk-block-content stk-inner-blocks stk-9ce68bc-inner-blocks\">\n<div class=\"wp-block-stackable-text stk-block-text stk-block stk-6ca4033\" data-block-id=\"6ca4033\"><p class=\"stk-block-text__text\">Caracter\u00edsticas:<\/p><\/div>\n\n\n\n<p> -Eficiencia del mismo sonido<\/p>\n\n\n\n<p>  -interior de un nivel superior<\/p>\n\n\n\n<ol class=\"wp-block-list\">\n<li>Tras-pantallas con gran capacidad de respuesta<\/li>\n<\/ol>\n\n\n\n<p>-Color de espectro complejo<\/p>\n\n\n\n<p>-Potencia de tres motores<\/p>\n\n\n\n<p>-Rendimiento totalmente el\u00e9ctrico<\/p>\n<\/div><\/div><\/div>\n\n\n\n<div class=\"wp-block-stackable-column stk-block-column stk-column stk-block stk-157c982\" data-v=\"4\" data-block-id=\"157c982\"><div class=\"stk-column-wrapper stk-block-column__content stk-container stk-157c982-container stk--no-background stk--no-padding\"><div class=\"stk-block-content stk-inner-blocks stk-157c982-inner-blocks\">\n<div class=\"wp-block-stackable-image stk-block-image stk-block stk-b33f12a\" data-block-id=\"b33f12a\"><style>.stk-b33f12a .stk-img-wrapper{width:nullpx !important;height:nullpx !important;}<\/style><figure><span class=\"stk-img-wrapper stk-image--shape-stretch\"><img loading=\"lazy\" decoding=\"async\" class=\"stk-img wp-image-828\" src=\"http:\/\/alumno05.shopenlaces.com.es\/alumno05wp\/wp-content\/uploads\/2026\/02\/Captura.png\" width=\"578\" height=\"103\" srcset=\"http:\/\/alumno05.shopenlaces.com.es\/alumno05wp\/wp-content\/uploads\/2026\/02\/Captura.png 578w, http:\/\/alumno05.shopenlaces.com.es\/alumno05wp\/wp-content\/uploads\/2026\/02\/Captura-300x53.png 300w, http:\/\/alumno05.shopenlaces.com.es\/alumno05wp\/wp-content\/uploads\/2026\/02\/Captura-500x89.png 500w\" sizes=\"auto, (max-width: 578px) 100vw, 578px\" \/><\/span><\/figure><\/div>\n\n\n<\/div><\/div><\/div>\n<\/div><div class=\"stk-block-carousel__buttons\"><button class=\"stk-block-carousel__button stk-block-carousel__button__prev\" aria-label=\"Previous slide\"><svg aria-hidden=\"true\" focusable=\"false\" data-prefix=\"fas\" data-icon=\"chevron-left\" class=\"svg-inline--fa fa-chevron-left\" xmlns=\"http:\/\/www.w3.org\/2000\/svg\" viewBox=\"0 0 320 512\" width=\"32\" height=\"32\"><path d=\"M34.52 239.03L228.87 44.69c9.37-9.37 24.57-9.37 33.94 0l22.67 22.67c9.36 9.36 9.37 24.52.04 33.9L131.49 256l154.02 154.75c9.34 9.38 9.32 24.54-.04 33.9l-22.67 22.67c-9.37 9.37-24.57 9.37-33.94 0L34.52 272.97c-9.37-9.37-9.37-24.57 0-33.94z\"><\/path><\/svg><\/button><button class=\"stk-block-carousel__button stk-block-carousel__button__next\" aria-label=\"Next slide\"><svg aria-hidden=\"true\" focusable=\"false\" data-prefix=\"fas\" data-icon=\"chevron-right\" class=\"svg-inline--fa fa-chevron-right\" xmlns=\"http:\/\/www.w3.org\/2000\/svg\" viewBox=\"0 0 320 512\" width=\"32\" height=\"32\"><path d=\"M285.476 272.971L91.132 467.314c-9.373 9.373-24.569 9.373-33.941 0l-22.667-22.667c-9.357-9.357-9.375-24.522-.04-33.901L188.505 256 34.484 101.255c-9.335-9.379-9.317-24.544.04-33.901l22.667-22.667c9.373-9.373 24.569-9.373 33.941 0L285.475 239.03c9.373 9.372 9.373 24.568.001 33.941z\"><\/path><\/svg><\/button><\/div><\/div><div class=\"stk-block-carousel__dots\" role=\"list\" data-label=\"Slide %%d\"><\/div><\/div><\/div>\n\n\n\n<p><\/p>\n\n\n","protected":false},"excerpt":{"rendered":"","protected":false},"author":1,"featured_media":0,"parent":0,"menu_order":0,"comment_status":"closed","ping_status":"closed","template":"","meta":{"footnotes":""},"class_list":["post-822","page","type-page","status-publish","hentry"],"blocksy_meta":[],"_links":{"self":[{"href":"http:\/\/alumno05.shopenlaces.com.es\/alumno05wp\/index.php?rest_route=\/wp\/v2\/pages\/822","targetHints":{"allow":["GET"]}}],"collection":[{"href":"http:\/\/alumno05.shopenlaces.com.es\/alumno05wp\/index.php?rest_route=\/wp\/v2\/pages"}],"about":[{"href":"http:\/\/alumno05.shopenlaces.com.es\/alumno05wp\/index.php?rest_route=\/wp\/v2\/types\/page"}],"author":[{"embeddable":true,"href":"http:\/\/alumno05.shopenlaces.com.es\/alumno05wp\/index.php?rest_route=\/wp\/v2\/users\/1"}],"replies":[{"embeddable":true,"href":"http:\/\/alumno05.shopenlaces.com.es\/alumno05wp\/index.php?rest_route=%2Fwp%2Fv2%2Fcomments&post=822"}],"version-history":[{"count":6,"href":"http:\/\/alumno05.shopenlaces.com.es\/alumno05wp\/index.php?rest_route=\/wp\/v2\/pages\/822\/revisions"}],"predecessor-version":[{"id":852,"href":"http:\/\/alumno05.shopenlaces.com.es\/alumno05wp\/index.php?rest_route=\/wp\/v2\/pages\/822\/revisions\/852"}],"wp:attachment":[{"href":"http:\/\/alumno05.shopenlaces.com.es\/alumno05wp\/index.php?rest_route=%2Fwp%2Fv2%2Fmedia&parent=822"}],"curies":[{"name":"wp","href":"https:\/\/api.w.org\/{rel}","templated":true}]}}